{"id":2485,"date":"2025-08-15T17:33:53","date_gmt":"2025-08-15T15:33:53","guid":{"rendered":"https:\/\/www-genuss-aktivhotel-com-dev.wpms.raum15.at\/?page_id=2485"},"modified":"2026-04-14T10:47:06","modified_gmt":"2026-04-14T08:47:06","slug":"data-protection","status":"publish","type":"page","link":"https:\/\/genuss-aktivhotel.com\/en\/data-protection\/","title":{"rendered":"Data protection"},"content":{"rendered":"\t\t<div data-elementor-type=\"wp-page\" data-elementor-id=\"2485\" class=\"elementor elementor-2485\" data-elementor-post-type=\"page\">\n\t\t\t\t<div class=\"elementor-element elementor-element-3c85861 e-con-full e-flex e-con e-parent\" data-id=\"3c85861\" data-element_type=\"container\" data-e-type=\"container\" data-settings=\"{&quot;background_background&quot;:&quot;classic&quot;}\">\n\t\t\t\t<div class=\"elementor-element elementor-element-17c6534 elementor-widget elementor-widget-heading\" data-id=\"17c6534\" data-element_type=\"widget\" data-e-type=\"widget\" data-widget_type=\"heading.default\">\n\t\t\t\t<div class=\"elementor-widget-container\">\n\t\t\t\t\t<h1 class=\"elementor-heading-title elementor-size-default\">Datenschutz<\/h1>\t\t\t\t<\/div>\n\t\t\t\t<\/div>\n\t\t\t\t<\/div>\n\t\t<div class=\"elementor-element elementor-element-f26ac38 e-con-full e-flex e-con e-parent\" data-id=\"f26ac38\" data-element_type=\"container\" data-e-type=\"container\" data-settings=\"{&quot;background_background&quot;:&quot;classic&quot;}\">\n\t\t\t\t<div class=\"elementor-element elementor-element-42a07c4 elementor-widget elementor-widget-text-editor\" data-id=\"42a07c4\" data-element_type=\"widget\" data-e-type=\"widget\" data-widget_type=\"text-editor.default\">\n\t\t\t\t<div class=\"elementor-widget-container\">\n\t\t\t\t\t\t\t\t\tDer Schutz Ihrer pers\u00f6nlichen Daten ist uns ein besonderes Anliegen. Wir verarbeiten Ihre Daten daher ausschlie\u00dflich auf Grundlage der gesetzlichen Bestimmungen (DSGVO, TKG 2003). In diesen Datenschutzinformationen informieren wir Sie \u00fcber die wichtigsten Aspekte der Datenverarbeitung im Rahmen unserer Website.\t\t\t\t\t\t\t\t<\/div>\n\t\t\t\t<\/div>\n\t\t\t\t<div class=\"elementor-element elementor-element-c78138e elementor-widget elementor-widget-heading\" data-id=\"c78138e\" data-element_type=\"widget\" data-e-type=\"widget\" data-widget_type=\"heading.default\">\n\t\t\t\t<div class=\"elementor-widget-container\">\n\t\t\t\t\t<h2 class=\"elementor-heading-title elementor-size-default\">Kontakt<\/h2>\t\t\t\t<\/div>\n\t\t\t\t<\/div>\n\t\t\t\t<div class=\"elementor-element elementor-element-2d85b35 elementor-widget elementor-widget-text-editor\" data-id=\"2d85b35\" data-element_type=\"widget\" data-e-type=\"widget\" data-widget_type=\"text-editor.default\">\n\t\t\t\t<div class=\"elementor-widget-container\">\n\t\t\t\t\t\t\t\t\tWenn Sie per Formular auf der Website oder per E-Mail Kontakt mit uns aufnehmen, werden Ihre angegebenen Daten zwecks Bearbeitung der Anfrage und f\u00fcr den Fall von Anschlussfragen sechs Monate bei uns gespeichert. Diese Daten geben wir nicht ohne Ihre Einwilligung weiter.\t\t\t\t\t\t\t\t<\/div>\n\t\t\t\t<\/div>\n\t\t\t\t<div class=\"elementor-element elementor-element-5e844f6 elementor-widget elementor-widget-heading\" data-id=\"5e844f6\" data-element_type=\"widget\" data-e-type=\"widget\" data-widget_type=\"heading.default\">\n\t\t\t\t<div class=\"elementor-widget-container\">\n\t\t\t\t\t<h2 class=\"elementor-heading-title elementor-size-default\">Cookies<\/h2>\t\t\t\t<\/div>\n\t\t\t\t<\/div>\n\t\t\t\t<div class=\"elementor-element elementor-element-f2b2a30 elementor-widget elementor-widget-text-editor\" data-id=\"f2b2a30\" data-element_type=\"widget\" data-e-type=\"widget\" data-widget_type=\"text-editor.default\">\n\t\t\t\t<div class=\"elementor-widget-container\">\n\t\t\t\t\t\t\t\t\t<p>Unsere Website verwendet so genannte Cookies. Dabei handelt es sich um kleine Textdateien, die mit Hilfe des Browsers auf Ihrem Endger\u00e4t abgelegt werden. Sie richten keinen Schaden an.<br \/>Wir nutzen Cookies dazu, unser Angebot nutzerfreundlich zu gestalten. Einige Cookies bleiben auf Ihrem Endger\u00e4t gespeichert, bis Sie diese l\u00f6schen. Sie erm\u00f6glichen es uns, Ihren Browser beim n\u00e4chsten Besuch wiederzuerkennen.<br \/>Wenn Sie dies nicht w\u00fcnschen, so k\u00f6nnen Sie Ihren Browser so einrichten, dass er Sie \u00fcber das Setzen von Cookies informiert und Sie dies nur im Einzelfall erlauben.<br \/>Bei der Deaktivierung von Cookies kann die Funktionalit\u00e4t unserer Website eingeschr\u00e4nkt sein.<\/p>\t\t\t\t\t\t\t\t<\/div>\n\t\t\t\t<\/div>\n\t\t\t\t<div class=\"elementor-element elementor-element-b1d9aa3 elementor-widget elementor-widget-heading\" data-id=\"b1d9aa3\" data-element_type=\"widget\" data-e-type=\"widget\" data-widget_type=\"heading.default\">\n\t\t\t\t<div class=\"elementor-widget-container\">\n\t\t\t\t\t<h2 class=\"elementor-heading-title elementor-size-default\">Web-Analyse (Google Analytics)<\/h2>\t\t\t\t<\/div>\n\t\t\t\t<\/div>\n\t\t\t\t<div class=\"elementor-element elementor-element-f633c36 elementor-widget elementor-widget-text-editor\" data-id=\"f633c36\" data-element_type=\"widget\" data-e-type=\"widget\" data-widget_type=\"text-editor.default\">\n\t\t\t\t<div class=\"elementor-widget-container\">\n\t\t\t\t\t\t\t\t\tUnsere Website verwendet Funktionen des Webanalysedienstes Google Analytics [Google Ireland Limited (\u201eGoogle\u201c &#8211; Registernummer: 368047) mit Sitz in Gordon House, Barrow Street, Dublin 4, Irland. Daten werden in die USA (au\u00dfereurop\u00e4isches) Drittland \u00fcbertragen]. Dazu werden Cookies verwendet, die eine Analyse der Benutzung der Website durch Ihre Benutzer erm\u00f6glicht. Die dadurch erzeugten Informationen werden auf den Server des Anbieters \u00fcbertragen und dort gespeichert.\nSie k\u00f6nnen dies verhindern, indem Sie Ihren Browser so einrichten, dass keine Cookies gespeichert werden.\nWir haben mit dem Anbieter einen entsprechenden Vertrag zur Auftragsdatenverarbeitung abgeschlossen.\n{Nutzung von IP-Adressen auf Basis der Rechtsgrundlage \u201eberechtigtes Interesse\u201c:} Ihre IP-Adresse wird erfasst, aber umgehend, durch L\u00f6schung der letzten 8 Bit pseudonymisiert. Dadurch ist nur mehr eine grobe Lokalisierung m\u00f6glich.\nDie Datenverarbeitung erfolgt auf Basis der gesetzlichen Bestimmungen des \u00a7 96 Abs 3 TKG sowie des Art 6 Abs 1 lit a (Einwilligung) und\/oder f (berechtigtes Interesse) der DSGVO.\nUnser Anliegen im Sinne der DSGVO (berechtigtes Interesse) ist die Verbesserung unseres Angebotes und unseres Webauftritts. Da uns die Privatsph\u00e4re unserer Nutzer wichtig ist, werden die Nutzerdaten nach technischer M\u00f6glichkeit pseudonymisiert.\nDie Nutzerdaten werden f\u00fcr die Dauer von 2 Jahren aufbewahrt.\t\t\t\t\t\t\t\t<\/div>\n\t\t\t\t<\/div>\n\t\t\t\t<div class=\"elementor-element elementor-element-dbbaaf3 elementor-widget elementor-widget-heading\" data-id=\"dbbaaf3\" data-element_type=\"widget\" data-e-type=\"widget\" data-widget_type=\"heading.default\">\n\t\t\t\t<div class=\"elementor-widget-container\">\n\t\t\t\t\t<h2 class=\"elementor-heading-title elementor-size-default\">\u00dcbermittlung an Dritte \/ Verpflichtung von Auftragsverarbeitern<\/h2>\t\t\t\t<\/div>\n\t\t\t\t<\/div>\n\t\t\t\t<div class=\"elementor-element elementor-element-b318093 elementor-widget elementor-widget-text-editor\" data-id=\"b318093\" data-element_type=\"widget\" data-e-type=\"widget\" data-widget_type=\"text-editor.default\">\n\t\t\t\t<div class=\"elementor-widget-container\">\n\t\t\t\t\t\t\t\t\tIhre personenbezogenen Daten werden von uns unter Umst\u00e4nden\n\nan Auftragsverarbeiter (z.B. f\u00fcr unsere elektronische Werbung in Form von Newslettern) sowie an Dritte, die f\u00fcr die Erbringung der von Ihnen gew\u00fcnschten Dienstleistungen beigezogen werden m\u00fcssen, die sich alle uns gegen\u00fcber zur Einhaltung der geltenden Datenschutz-Standards verpflichtet haben, \nunter Umst\u00e4nden auch au\u00dferhalb der EU \u00fcbermittelt. Sollte die Einhaltung europ\u00e4ischer Datenschutz-Standards nicht m\u00f6glich sein \u2013 etwa weil im konkreten Fall Standardvertragsklauseln, Angemessenheitsbeschl\u00fcsse oder Zertifizierungen nicht gew\u00e4hrleistet sind \u2013 kl\u00e4ren wir Sie rechtzeitig auf und holen auch die erforderlichen Einwilligungen von Ihnen ein. F\u00fcr weitere Informationen kontaktieren Sie uns bitte unter info@genuss-aktivhotel.com .\t\t\t\t\t\t\t\t<\/div>\n\t\t\t\t<\/div>\n\t\t\t\t<div class=\"elementor-element elementor-element-6c08e98 elementor-widget elementor-widget-heading\" data-id=\"6c08e98\" data-element_type=\"widget\" data-e-type=\"widget\" data-widget_type=\"heading.default\">\n\t\t\t\t<div class=\"elementor-widget-container\">\n\t\t\t\t\t<h2 class=\"elementor-heading-title elementor-size-default\">ADDITIVE+ LANDINGPAGE - Online Marketing und Landingpages<\/h2>\t\t\t\t<\/div>\n\t\t\t\t<\/div>\n\t\t\t\t<div class=\"elementor-element elementor-element-2b00a32 elementor-widget elementor-widget-text-editor\" data-id=\"2b00a32\" data-element_type=\"widget\" data-e-type=\"widget\" data-widget_type=\"text-editor.default\">\n\t\t\t\t<div class=\"elementor-widget-container\">\n\t\t\t\t\t\t\t\t\tNeben unserer Website betreiben wir im Bereich <a href=\"https:\/\/www.additive.eu\/hotelmarketing-software-automation\/online-marketing-hotel.html\" target=\"_blank\" rel=\"noopener\">Online Hotel Marketing<\/a> zus\u00e4tzlich optimierte Verkaufs-Landingpages. Zur Bearbeitung Ihrer Anfrage, Buchung, Bestellung, Aktivierung, Anmeldung oder sonstigen \u00dcbermittlung eines Formulars auf einer solchen Landingpage sowie zur Speicherung und Aufbewahrung Ihrer Daten nutzen wir g\u00e4ngige Cloud-Dienste und CRM-Systeme sowie Software von ADDITIVE GmbH, 39011 Lana (BZ), Italien (\u201eADDITIVE\u201c), unserer betreuenden <a href=\"https:\/\/www.additive.eu\" target=\"_blank\" rel=\"noopener\">Hotel Marketing Agentur<\/a>. Das angemessene Datenschutzniveau ergibt sich dabei aus den abgeschlossenen Auftragsverarbeitungsvereinbarungen mit den jeweiligen Unternehmen.\n\nUnsere Landingpages verwenden Funktionen des Webanalysedienstes Google Analytics der Google Inc. (\u201eGoogle\u201c). Google Analytics erm\u00f6glicht die Analyse der Benutzung der Website durch ihre Benutzer. Die dadurch erzeugten Informationen \u00fcber Ihr Nutzerverhalten werden auf den Server des Anbieters \u00fcbertragen und dort gespeichert.\n\nIhre IP-Adresse wird erfasst, aber umgehend (z.B. durch L\u00f6schung der letzten 8 Bit) anonymisiert. Dadurch ist nur mehr eine grobe Lokalisierung m\u00f6glich.\nSie k\u00f6nnen die \u00dcbertragung der auf Ihre Nutzung des Onlineangebotes bezogenen Daten an Google sowie die Verarbeitung dieser Daten durch Google verhindern, indem Sie das unter dem folgenden Link verf\u00fcgbare Browser-Plugin herunterladen und installieren:\nhttps:\/\/chrome.google.com\/webstore\/detail\/google-analytics-opt-out\/fllaojicojecljbmefodhfapmkghcbnh\n\nADDITIVE hat Einblick in die mittels Google Analytics erhobenen Daten. Diese Daten werden nicht f\u00fcr andere Zwecke als der Analyse der Benutzung unserer Websites sowie der Auswertung unserer Marketing- und Vertriebsma\u00dfnahmen genutzt.\n\nUnsere Websites und Landingpages verwenden weiters Funktionen von ADDITIVE zur kanal\u00fcbergreifenden Erfassung der Nutzung unserer Websites sowie Marketing- und Vertriebsma\u00dfnahmen wie bspw. Landingpages, Newsletter und Social-Media-Pr\u00e4senzen. Dabei werden Informationen zu Ihren Besuchen und abgeschickten Formularen auf unseren Websites auch an ADDITIVE \u00fcbertragen, um unsere Marketing- und Vertriebsma\u00dfnahmen auszuwerten und zu optimieren.\n\nDie Datenverarbeitung erfolgt auf Basis der gesetzlichen Bestimmungen des Art 6 Abs 1 lit f (berechtigtes Interesse) der DSGVO.\n\nUnser Anliegen im Sinne der DSGVO (berechtigtes Interesse) ist die Verbesserung unseres Angebots und unseres Webauftritts durch Analyse der Benutzung unserer Website sowie Vertriebs- und Marketingma\u00dfnahmen.\nZudem verwenden unsere Landingpages sowie unsere Website Remarketing-Funktionen der Google Inc. (\u201eGoogle\u201c) sowie der Meta Platforms Inc. (\u201eMeta\u201c). Dabei wird an Meta und Google \u00fcbermittelt, dass Sie diese Website besucht haben. Diese Funktionen dienen dazu, Besuchern der Landingpages interessenbezogene Werbeanzeigen im Werbenetzwerk von Google oder im Sozialen Netzwerk Facebook sowie Instagram zu pr\u00e4sentieren.\n\nDie Datenverarbeitung im Zusammenhang mit diesen Remarketing-Funktionen erfolgt auf Basis der gesetzlichen Bestimmungen des Art 6 Abs 1 lit a (Einwilligung) der DSGVO.\n\nSie werden mittels eines Banners beim Besuch unserer Landingpages auf die Verwendung von Cookies f\u00fcr diese Remarketing-Funktionen hingewiesen. Erst durch einen best\u00e4tigenden Klick auf den entsprechenden Button stimmen Sie der Verwendung zu. Sie k\u00f6nnen jederzeit der Einwilligung widersprechen, indem Sie auf der jeweiligen Landingpage die Seite mit den Cookie-Informationen aufrufen und im erscheinenden Banner die Cookie-Verwendung ablehnen.\n\t\t\t\t\t\t\t\t<\/div>\n\t\t\t\t<\/div>\n\t\t\t\t<div class=\"elementor-element elementor-element-f3f3c1d elementor-widget elementor-widget-heading\" data-id=\"f3f3c1d\" data-element_type=\"widget\" data-e-type=\"widget\" data-widget_type=\"heading.default\">\n\t\t\t\t<div class=\"elementor-widget-container\">\n\t\t\t\t\t<h2 class=\"elementor-heading-title elementor-size-default\">ADDITIVE+ MARKETING AUTOMATION - Direktmarketing<\/h2>\t\t\t\t<\/div>\n\t\t\t\t<\/div>\n\t\t\t\t<div class=\"elementor-element elementor-element-2381e62 elementor-widget elementor-widget-text-editor\" data-id=\"2381e62\" data-element_type=\"widget\" data-e-type=\"widget\" data-widget_type=\"text-editor.default\">\n\t\t\t\t<div class=\"elementor-widget-container\">\n\t\t\t\t\t\t\t\t\t<p>Zur Steigerung der Kundenbindung sowie zum Verkauf von Leistungen und Zusatzleistungen nutzen wir <a href=\"https:\/\/www.additive.eu\/marketing-software\/additive-marketing-automation-hotel\" target=\"_blank\" rel=\"noopener\">Hotel Marketing Automation Software<\/a> von ADDITIVE GmbH, 39011 Lana (BZ), Italien (\u201eADDITIVE\u201c) im Bereich <a href=\"https:\/\/www.additive.eu\/marketing-software\/additive-marketing-automation-hotel&quot;\" target=\"_blank\" rel=\"noopener\">Marketing- und Vertriebsautomatisierung f\u00fcr Hotels<\/a>. Dabei werden Daten, die wir im Zusammenhang mit Ihrer Anfrage, Buchung, Bestellung, Aktivierung, Anmeldung oder sonstigen \u00dcbermittlung eines Formulars auf der Website erheben und verarbeiten, analysiert und dazu genutzt, um Ihnen \u00fcber die ADDITIVE+ MARKETING AUTOMATION automatisiert Angebote f\u00fcr Leistungen und Zusatzleistungen zu unterbreiten. Das angemessene Datenschutzniveau ergibt sich dabei aus der abgeschlossenen Auftragsverarbeitungsvereinbarung.<\/p><p>Sie k\u00f6nnen der Verwendung Ihrer Daten f\u00fcr diesen Zweck jederzeit \u00fcber den Abmelde-Link in der jeweiligen Nachricht widersprechen.<\/p><p>Die Datenverarbeitung erfolgt auf Basis der gesetzlichen Bestimmungen des Art 6 Abs 1 lit f (berechtigtes Interesse) der DSGVO.<\/p><p>Unser Anliegen im Sinne der DSGVO (berechtigtes Interesse) ist die Vermeidung von Nachteilen gegen\u00fcber unseren Wettbewerbern, die Verbesserung unserer Markenbekanntheit sowie die Maximierung unseres wirtschaftlichen Erfolgs durch bestm\u00f6gliche vertriebliche Nutzung der gewonnenen Kontakte.<\/p>\t\t\t\t\t\t\t\t<\/div>\n\t\t\t\t<\/div>\n\t\t\t\t<div class=\"elementor-element elementor-element-e77292e elementor-widget elementor-widget-heading\" data-id=\"e77292e\" data-element_type=\"widget\" data-e-type=\"widget\" data-widget_type=\"heading.default\">\n\t\t\t\t<div class=\"elementor-widget-container\">\n\t\t\t\t\t<h2 class=\"elementor-heading-title elementor-size-default\">ADDITIVE+ GUTSCHEINE<\/h2>\t\t\t\t<\/div>\n\t\t\t\t<\/div>\n\t\t\t\t<div class=\"elementor-element elementor-element-8616e37 elementor-widget elementor-widget-text-editor\" data-id=\"8616e37\" data-element_type=\"widget\" data-e-type=\"widget\" data-widget_type=\"text-editor.default\">\n\t\t\t\t<div class=\"elementor-widget-container\">\n\t\t\t\t\t\t\t\t\tSie haben die M\u00f6glichkeit, \u00fcber unsere Website Gutscheine \u00fcber ein <a href=\"https:\/\/www.additive.eu\/marketing-software\/additive-gutscheine-hotel\" target=\"_blank\" rel=\"noopener\">online Gutscheinsystem<\/a> zu kaufen. Zur Bearbeitung Ihres Kaufs sowie zur Speicherung und Aufbewahrung Ihrer Daten nutzen wir im Bereich <a href=\"https:\/\/www.additive.eu\/marketing-software\/additive-gutscheine-hotel\" target=\"_blank\" rel=\"noopener\">Gutschein Marketing Tourismus<\/a> die Gutschein Software von ADDITIVE GmbH, 39011 Lana (BZ), Italien (\u201eADDITIVE\u201c). Ihre Daten werden innerhalb der EU bzw. des EWR verarbeitet und gespeichert.\n\nDie von Ihnen bereitgestellten Daten sind zur Vertragserf\u00fcllung bzw. zur Durchf\u00fchrung vorvertraglicher Ma\u00dfnahmen erforderlich. Ohne diese Daten k\u00f6nnen wir den Vertrag mit Ihnen nicht abschlie\u00dfen. Eine Daten\u00fcbermittlung an Dritte erfolgt nicht, mit Ausnahme der \u00dcbermittlung der Kreditkartendaten an die abwickelnden Zahlungsdienstleister zum Zwecke der Abbuchung des Einkaufspreises sowie an unseren Steuerberater zur Erf\u00fcllung unserer steuerrechtlichen Verpflichtungen.\n\nDie Datenverarbeitung erfolgt auf Basis der gesetzlichen Bestimmungen des Art 6 Abs 1 lit b (notwendig zur Vertragserf\u00fcllung) der DSGVO.\t\t\t\t\t\t\t\t<\/div>\n\t\t\t\t<\/div>\n\t\t\t\t<div class=\"elementor-element elementor-element-049ffe2 elementor-widget elementor-widget-heading\" data-id=\"049ffe2\" data-element_type=\"widget\" data-e-type=\"widget\" data-widget_type=\"heading.default\">\n\t\t\t\t<div class=\"elementor-widget-container\">\n\t\t\t\t\t<h2 class=\"elementor-heading-title elementor-size-default\">ADDITIVE+ NEWSLETTER<\/h2>\t\t\t\t<\/div>\n\t\t\t\t<\/div>\n\t\t\t\t<div class=\"elementor-element elementor-element-f61d10c elementor-widget elementor-widget-text-editor\" data-id=\"f61d10c\" data-element_type=\"widget\" data-e-type=\"widget\" data-widget_type=\"text-editor.default\">\n\t\t\t\t<div class=\"elementor-widget-container\">\n\t\t\t\t\t\t\t\t\tSie haben die M\u00f6glichkeit, \u00fcber unsere Website unseren Newsletter zu abonnieren. Hierf\u00fcr ben\u00f6tigen wir Ihre E-Mail-Adresse und Ihre Erkl\u00e4rung, dass Sie mit dem Bezug des <a href=\"https:\/\/www.additive.eu\/marketing-software\/additive-newsletter-hotel\" target=\"_blank\" rel=\"noopener\">Hotel Newsletter<\/a> \u00fcber ADDITIVE GmbH, unseren Anbieter im Bereich <a href=\"https:\/\/www.additive.eu\/hotelmarketing-software-automation\/newsletter-marketing-hotel.html\" target=\"_blank\" rel=\"noopener\">E-Mail Marketing Hotel<\/a> einverstanden sind. \n\nUm Sie zielgerichtet mit Informationen zu versorgen, erheben und verarbeiten wir mit unserem <a href=\"https:\/\/www.additive.eu\/hotelmarketing-software-automation\/hotel-newsletter-software.html\" target=\"_blank\" rel=\"noopener\">Newsletter System<\/a> au\u00dferdem freiwillig gemachte Angaben zu Interessengebieten, Name, Geburtstag und Herkunftsregion\/-land.\n\nSobald Sie sich f\u00fcr den Newsletter angemeldet haben, senden wir Ihnen ein Best\u00e4tigungs-E-Mail mit einem Link zur Best\u00e4tigung der Anmeldung.\n\nDas Abo des Newsletters k\u00f6nnen Sie jederzeit \u00fcber den Abmelde-Link im jeweiligen Newsletter stornieren.\n\nZur Verarbeitung Ihres Abos, zur Zustellung des Newsletters an Ihre E-Mail-Adresse sowie zur Ermittlung von \u00d6ffnungen und Klicks nutzen wir Software von ADDITIVE GmbH, 39011 Lana (BZ), Italien (\u201eADDITIVE\u201c). Zur Abwicklung der sicheren Zustellung des Newsletters greift ADDITIVE auf den Versanddienstleister \u201cSinch Mailjet\u201d, Paris, Frankreich zur\u00fcck. Mittels dieser Dienste und Systeme werden Ihre Daten zumindest zum Teil auch au\u00dferhalb der EU bzw. des EWR verarbeitet und gespeichert. Das angemessene Datenschutzniveau ergibt sich aus der abgeschlossenen Auftragsverarbeitungsvereinbarung.\t\t\t\t\t\t\t\t<\/div>\n\t\t\t\t<\/div>\n\t\t\t\t<div class=\"elementor-element elementor-element-e27ef24 elementor-widget elementor-widget-heading\" data-id=\"e27ef24\" data-element_type=\"widget\" data-e-type=\"widget\" data-widget_type=\"heading.default\">\n\t\t\t\t<div class=\"elementor-widget-container\">\n\t\t\t\t\t<h2 class=\"elementor-heading-title elementor-size-default\">Ihre Rechte<\/h2>\t\t\t\t<\/div>\n\t\t\t\t<\/div>\n\t\t\t\t<div class=\"elementor-element elementor-element-e4ade02 elementor-widget elementor-widget-text-editor\" data-id=\"e4ade02\" data-element_type=\"widget\" data-e-type=\"widget\" data-widget_type=\"text-editor.default\">\n\t\t\t\t<div class=\"elementor-widget-container\">\n\t\t\t\t\t\t\t\t\tIhnen stehen grunds\u00e4tzlich die Rechte auf Auskunft, Berichtigung, L\u00f6schung, Einschr\u00e4nkung, Daten\u00fcbertragbarkeit, Widerruf und Widerspruch zu. Wenn Sie glauben, dass die Verarbeitung Ihrer Daten gegen das Datenschutzrecht verst\u00f6\u00dft oder Ihre datenschutzrechtlichen Anspr\u00fcche sonst in einer Weise verletzt worden sind, k\u00f6nnen Sie sich bei der Aufsichtsbeh\u00f6rde beschweren. In \u00d6sterreich ist dies die Datenschutzbeh\u00f6rde.\t\t\t\t\t\t\t\t<\/div>\n\t\t\t\t<\/div>\n\t\t\t\t<div class=\"elementor-element elementor-element-d8f79b6 elementor-widget elementor-widget-heading\" data-id=\"d8f79b6\" data-element_type=\"widget\" data-e-type=\"widget\" data-widget_type=\"heading.default\">\n\t\t\t\t<div class=\"elementor-widget-container\">\n\t\t\t\t\t<h2 class=\"elementor-heading-title elementor-size-default\">Beantwortung von Anfragen zum Datenschutz<\/h2>\t\t\t\t<\/div>\n\t\t\t\t<\/div>\n\t\t\t\t<div class=\"elementor-element elementor-element-ddee496 elementor-widget elementor-widget-text-editor\" data-id=\"ddee496\" data-element_type=\"widget\" data-e-type=\"widget\" data-widget_type=\"text-editor.default\">\n\t\t\t\t<div class=\"elementor-widget-container\">\n\t\t\t\t\t\t\t\t\tWir ersuchen Sie Ihre Anfrage schriftlich oder per E-Mail mit einer beigelegten Ausweiskopie an folgende Adresse zu senden:\nPer Mail an info@genuss-aktivhotel.com oder auf dem Postweg an Genuss &#038; Aktivhotel Sonnenburg, Au\u00dferschwende 21, 6991 Riezlern. Wir werden Ihre Anfrage dann entsprechend der gesetzlichen Vorschriften bearbeiten.\t\t\t\t\t\t\t\t<\/div>\n\t\t\t\t<\/div>\n\t\t\t\t<div class=\"elementor-element elementor-element-db6593b elementor-widget elementor-widget-heading\" data-id=\"db6593b\" data-element_type=\"widget\" data-e-type=\"widget\" data-widget_type=\"heading.default\">\n\t\t\t\t<div class=\"elementor-widget-container\">\n\t\t\t\t\t<h2 class=\"elementor-heading-title elementor-size-default\">Sie erreichen uns unter folgenden Kontaktdaten:<\/h2>\t\t\t\t<\/div>\n\t\t\t\t<\/div>\n\t\t\t\t<div class=\"elementor-element elementor-element-68ad2ed elementor-align-start elementor-widget__width-initial elementor-icon-list--layout-traditional elementor-list-item-link-full_width elementor-widget elementor-widget-icon-list\" data-id=\"68ad2ed\" data-element_type=\"widget\" data-e-type=\"widget\" data-widget_type=\"icon-list.default\">\n\t\t\t\t<div class=\"elementor-widget-container\">\n\t\t\t\t\t\t\t<ul class=\"elementor-icon-list-items\">\n\t\t\t\t\t\t\t<li class=\"elementor-icon-list-item\">\n\t\t\t\t\t\t\t\t\t\t\t<a href=\"https:\/\/maps.app.goo.gl\/g1i87bQFqXXA6kU79\" target=\"_blank\" rel=\"noopener\">\n\n\t\t\t\t\t\t\t\t\t\t\t<span class=\"elementor-icon-list-text\">Unternehmen:  Genuss &amp; Aktivhotel Sonnenburg<\/span>\n\t\t\t\t\t\t\t\t\t\t\t<\/a>\n\t\t\t\t\t\t\t\t\t<\/li>\n\t\t\t\t\t\t\t\t<li class=\"elementor-icon-list-item\">\n\t\t\t\t\t\t\t\t\t\t\t<a href=\"tel:+4355175251\">\n\n\t\t\t\t\t\t\t\t\t\t\t<span class=\"elementor-icon-list-text\">Telefonnummer: +43 (0)5517 - 5251<\/span>\n\t\t\t\t\t\t\t\t\t\t\t<\/a>\n\t\t\t\t\t\t\t\t\t<\/li>\n\t\t\t\t\t\t\t\t<li class=\"elementor-icon-list-item\">\n\t\t\t\t\t\t\t\t\t\t\t<a href=\"https:\/\/maps.app.goo.gl\/g1i87bQFqXXA6kU79\" target=\"_blank\" rel=\"noopener\">\n\n\t\t\t\t\t\t\t\t\t\t\t<span class=\"elementor-icon-list-text\">Strasse: Au\u00dferschwende 21<\/span>\n\t\t\t\t\t\t\t\t\t\t\t<\/a>\n\t\t\t\t\t\t\t\t\t<\/li>\n\t\t\t\t\t\t\t\t<li class=\"elementor-icon-list-item\">\n\t\t\t\t\t\t\t\t\t\t\t<a href=\"https:\/\/maps.app.goo.gl\/g1i87bQFqXXA6kU79\" target=\"_blank\" rel=\"noopener\">\n\n\t\t\t\t\t\t\t\t\t\t\t<span class=\"elementor-icon-list-text\">PLZ, Ort: 6991 Riezlern<\/span>\n\t\t\t\t\t\t\t\t\t\t\t<\/a>\n\t\t\t\t\t\t\t\t\t<\/li>\n\t\t\t\t\t\t\t\t<li class=\"elementor-icon-list-item\">\n\t\t\t\t\t\t\t\t\t\t\t<a href=\"mailto:info@genuss-aktivhotel.com\">\n\n\t\t\t\t\t\t\t\t\t\t\t<span class=\"elementor-icon-list-text\">E-Mail-Adresse: info@genuss-aktivhotel.com<\/span>\n\t\t\t\t\t\t\t\t\t\t\t<\/a>\n\t\t\t\t\t\t\t\t\t<\/li>\n\t\t\t\t\t\t<\/ul>\n\t\t\t\t\t\t<\/div>\n\t\t\t\t<\/div>\n\t\t\t\t<\/div>\n\t\t\t\t<\/div>\n\t\t","protected":false},"excerpt":{"rendered":"<p>Datenschutz Der Schutz Ihrer pers\u00f6nlichen Daten ist uns ein besonderes Anliegen. Wir verarbeiten Ihre Daten daher ausschlie\u00dflich auf Grundlage der gesetzlichen Bestimmungen (DSGVO, TKG 2003). In diesen Datenschutzinformationen informieren wir Sie \u00fcber die wichtigsten Aspekte der Datenverarbeitung im Rahmen unserer Website. Kontakt Wenn Sie per Formular auf der Website oder per E-Mail Kontakt mit uns [&hellip;]<\/p>\n","protected":false},"author":1,"featured_media":0,"parent":0,"menu_order":98,"comment_status":"closed","ping_status":"closed","template":"","meta":{"footnotes":""},"class_list":["post-2485","page","type-page","status-publish","hentry"],"publishpress_future_action":{"enabled":false,"date":"2026-04-22 05:48:26","action":"change-status","newStatus":"draft","terms":[],"taxonomy":"","extraData":[]},"publishpress_future_workflow_manual_trigger":{"enabledWorkflows":[]},"_links":{"self":[{"href":"https:\/\/genuss-aktivhotel.com\/en\/wp-json\/wp\/v2\/pages\/2485","targetHints":{"allow":["GET"]}}],"collection":[{"href":"https:\/\/genuss-aktivhotel.com\/en\/wp-json\/wp\/v2\/pages"}],"about":[{"href":"https:\/\/genuss-aktivhotel.com\/en\/wp-json\/wp\/v2\/types\/page"}],"author":[{"embeddable":true,"href":"https:\/\/genuss-aktivhotel.com\/en\/wp-json\/wp\/v2\/users\/1"}],"replies":[{"embeddable":true,"href":"https:\/\/genuss-aktivhotel.com\/en\/wp-json\/wp\/v2\/comments?post=2485"}],"version-history":[{"count":20,"href":"https:\/\/genuss-aktivhotel.com\/en\/wp-json\/wp\/v2\/pages\/2485\/revisions"}],"predecessor-version":[{"id":5709,"href":"https:\/\/genuss-aktivhotel.com\/en\/wp-json\/wp\/v2\/pages\/2485\/revisions\/5709"}],"wp:attachment":[{"href":"https:\/\/genuss-aktivhotel.com\/en\/wp-json\/wp\/v2\/media?parent=2485"}],"curies":[{"name":"wp","href":"https:\/\/api.w.org\/{rel}","templated":true}]}}