{"id":4733,"date":"2025-10-07T08:23:34","date_gmt":"2025-10-07T06:23:34","guid":{"rendered":"https:\/\/www-genuss-aktivhotel-com-dev.wpms.raum15.at\/?page_id=4733"},"modified":"2026-04-14T10:35:31","modified_gmt":"2026-04-14T08:35:31","slug":"voucher","status":"publish","type":"page","link":"https:\/\/genuss-aktivhotel.com\/en\/voucher\/","title":{"rendered":"Voucher"},"content":{"rendered":"\t\t<div data-elementor-type=\"wp-page\" data-elementor-id=\"4733\" class=\"elementor elementor-4733\" data-elementor-post-type=\"page\">\n\t\t\t\t<div class=\"elementor-element elementor-element-a08c974 e-con-full season-image e-flex e-con e-parent\" data-id=\"a08c974\" data-element_type=\"container\" data-e-type=\"container\" data-settings=\"{&quot;background_background&quot;:&quot;slideshow&quot;,&quot;background_slideshow_gallery&quot;:[{&quot;id&quot;:2009,&quot;url&quot;:&quot;https:\\\/\\\/genuss-aktivhotel.com\\\/wp-content\\\/uploads\\\/sites\\\/52\\\/2025\\\/08\\\/46_-_sonnenburg_sommer_web_3500srgb-DSCF5247_cElisa_Moosbrugger.jpg&quot;},{&quot;id&quot;:2778,&quot;url&quot;:&quot;https:\\\/\\\/genuss-aktivhotel.com\\\/wp-content\\\/uploads\\\/sites\\\/52\\\/2025\\\/09\\\/Rooftop-Infinity-Pool-Genuss-Aktivhotel-Sonnenburg.webp&quot;},{&quot;id&quot;:123,&quot;url&quot;:&quot;https:\\\/\\\/genuss-aktivhotel.com\\\/wp-content\\\/uploads\\\/sites\\\/52\\\/2025\\\/05\\\/Yoga-in-der-BrA\\u00bcA\\u00bcge-c-Alexander-Kaiser.webp&quot;},{&quot;id&quot;:2816,&quot;url&quot;:&quot;https:\\\/\\\/genuss-aktivhotel.com\\\/wp-content\\\/uploads\\\/sites\\\/52\\\/2025\\\/09\\\/50-sonnenburg_sommer_print_3500srgb-DSCF5318_cElisa-Moosbrugger.webp&quot;},{&quot;id&quot;:2865,&quot;url&quot;:&quot;https:\\\/\\\/genuss-aktivhotel.com\\\/wp-content\\\/uploads\\\/sites\\\/52\\\/2025\\\/09\\\/Sauna-@Genuss-Aktivhotel-Sonnenburg-Fotograf-Andy-Mayr-2.webp&quot;},{&quot;id&quot;:2019,&quot;url&quot;:&quot;https:\\\/\\\/genuss-aktivhotel.com\\\/wp-content\\\/uploads\\\/sites\\\/52\\\/2025\\\/08\\\/Kopie_von_Sonnenburg_Relax-Spa_c_Alexander_Kaiser_11.jpg&quot;}],&quot;background_slideshow_transition_duration&quot;:2500,&quot;background_slideshow_loop&quot;:&quot;yes&quot;,&quot;background_slideshow_slide_duration&quot;:5000,&quot;background_slideshow_slide_transition&quot;:&quot;fade&quot;}\" data-season=\"summer\">\n\t\t\t\t<div class=\"elementor-element elementor-element-1468730 elementor-invisible elementor-widget elementor-widget-heading\" data-id=\"1468730\" data-element_type=\"widget\" data-e-type=\"widget\" data-settings=\"{&quot;_animation&quot;:&quot;fadeInUp&quot;,&quot;_animation_delay&quot;:1000}\" data-widget_type=\"heading.default\">\n\t\t\t\t<div class=\"elementor-widget-container\">\n\t\t\t\t\t<h1 class=\"elementor-heading-title elementor-size-default\">Gutschein<\/h1>\t\t\t\t<\/div>\n\t\t\t\t<\/div>\n\t\t\t\t<div class=\"elementor-element elementor-element-b72a020 elementor-invisible elementor-widget elementor-widget-text-editor\" data-id=\"b72a020\" data-element_type=\"widget\" data-e-type=\"widget\" data-settings=\"{&quot;_animation&quot;:&quot;fadeIn&quot;,&quot;_animation_delay&quot;:2500}\" data-widget_type=\"text-editor.default\">\n\t\t\t\t<div class=\"elementor-widget-container\">\n\t\t\t\t\t\t\t\t\tFreude schenken. Sonnenmomente verschenken.\t\t\t\t\t\t\t\t<\/div>\n\t\t\t\t<\/div>\n\t\t\t\t<div class=\"elementor-element elementor-element-2c133b1 elementor-widget__width-inherit elementor-absolute elementor-align-center elementor-invisible elementor-widget elementor-widget-lottie\" data-id=\"2c133b1\" data-element_type=\"widget\" data-e-type=\"widget\" data-settings=\"{&quot;source_json&quot;:{&quot;url&quot;:&quot;https:\\\/\\\/genuss-aktivhotel.com\\\/wp-content\\\/uploads\\\/sites\\\/52\\\/2025\\\/06\\\/Arrow-down.json&quot;,&quot;id&quot;:906,&quot;size&quot;:&quot;&quot;,&quot;alt&quot;:&quot;&quot;,&quot;source&quot;:&quot;library&quot;},&quot;link_to&quot;:&quot;custom&quot;,&quot;custom_link&quot;:{&quot;url&quot;:&quot;#neues&quot;,&quot;is_external&quot;:&quot;&quot;,&quot;nofollow&quot;:&quot;&quot;,&quot;custom_attributes&quot;:&quot;&quot;},&quot;loop&quot;:&quot;yes&quot;,&quot;play_speed&quot;:{&quot;unit&quot;:&quot;px&quot;,&quot;size&quot;:0.3,&quot;sizes&quot;:[]},&quot;_position&quot;:&quot;absolute&quot;,&quot;_animation&quot;:&quot;fadeInUp&quot;,&quot;_animation_delay&quot;:5000,&quot;source&quot;:&quot;media_file&quot;,&quot;caption_source&quot;:&quot;none&quot;,&quot;trigger&quot;:&quot;arriving_to_viewport&quot;,&quot;viewport&quot;:{&quot;unit&quot;:&quot;%&quot;,&quot;size&quot;:&quot;&quot;,&quot;sizes&quot;:{&quot;start&quot;:0,&quot;end&quot;:100}},&quot;start_point&quot;:{&quot;unit&quot;:&quot;%&quot;,&quot;size&quot;:0,&quot;sizes&quot;:[]},&quot;end_point&quot;:{&quot;unit&quot;:&quot;%&quot;,&quot;size&quot;:100,&quot;sizes&quot;:[]},&quot;renderer&quot;:&quot;svg&quot;}\" data-widget_type=\"lottie.default\">\n\t\t\t\t<div class=\"elementor-widget-container\">\n\t\t\t\t\t<a class=\"e-lottie__container__link\" href=\"#neues\"><div class=\"e-lottie__container\"><div class=\"e-lottie__animation\"><\/div><\/div><\/a>\t\t\t\t<\/div>\n\t\t\t\t<\/div>\n\t\t\t\t<\/div>\n\t\t<div class=\"elementor-element elementor-element-40927a0 e-con-full season-image e-flex e-con e-parent\" data-id=\"40927a0\" data-element_type=\"container\" data-e-type=\"container\" data-settings=\"{&quot;background_background&quot;:&quot;slideshow&quot;,&quot;background_slideshow_gallery&quot;:[{&quot;id&quot;:120,&quot;url&quot;:&quot;https:\\\/\\\/genuss-aktivhotel.com\\\/wp-content\\\/uploads\\\/sites\\\/52\\\/2025\\\/05\\\/Genuss-Aktivhotel-Sonnenburg-c-Alexander-Kaiser-6.webp&quot;},{&quot;id&quot;:121,&quot;url&quot;:&quot;https:\\\/\\\/genuss-aktivhotel.com\\\/wp-content\\\/uploads\\\/sites\\\/52\\\/2025\\\/05\\\/36-sonnenburg_web_72px_DSCF4183_elisamoosbrugger.webp&quot;},{&quot;id&quot;:200,&quot;url&quot;:&quot;https:\\\/\\\/genuss-aktivhotel.com\\\/wp-content\\\/uploads\\\/sites\\\/52\\\/2025\\\/05\\\/Yoga-Gymnastik-Brueuege-@Michael-Gunz-1.webp&quot;},{&quot;id&quot;:1510,&quot;url&quot;:&quot;https:\\\/\\\/genuss-aktivhotel.com\\\/wp-content\\\/uploads\\\/sites\\\/52\\\/2025\\\/07\\\/Zimmerausblick-Sonnenburg-c-Alexander-Kaiser.webp&quot;},{&quot;id&quot;:394,&quot;url&quot;:&quot;https:\\\/\\\/genuss-aktivhotel.com\\\/wp-content\\\/uploads\\\/sites\\\/52\\\/2025\\\/05\\\/Langlaufen-Schwende-_-Oliver-Farys-c-Oliver-Farys-Kleinwalsertal-Tourismus-eGen-_-Oliver-Farys-2.webp&quot;},{&quot;id&quot;:2075,&quot;url&quot;:&quot;https:\\\/\\\/genuss-aktivhotel.com\\\/wp-content\\\/uploads\\\/sites\\\/52\\\/2025\\\/08\\\/38_-_sonnenburg_web_72px_dscf4221_elisamoosbrugger.jpg&quot;}],&quot;background_slideshow_transition_duration&quot;:2500,&quot;background_slideshow_loop&quot;:&quot;yes&quot;,&quot;background_slideshow_slide_duration&quot;:5000,&quot;background_slideshow_slide_transition&quot;:&quot;fade&quot;}\" data-season=\"winter\">\n\t\t\t\t<div class=\"elementor-element elementor-element-674b809 elementor-invisible elementor-widget elementor-widget-heading\" data-id=\"674b809\" data-element_type=\"widget\" data-e-type=\"widget\" data-settings=\"{&quot;_animation&quot;:&quot;fadeInUp&quot;,&quot;_animation_delay&quot;:1000}\" data-widget_type=\"heading.default\">\n\t\t\t\t<div class=\"elementor-widget-container\">\n\t\t\t\t\t<h2 class=\"elementor-heading-title elementor-size-default\">Gutschein<\/h2>\t\t\t\t<\/div>\n\t\t\t\t<\/div>\n\t\t\t\t<div class=\"elementor-element elementor-element-0ca48c5 elementor-invisible elementor-widget elementor-widget-text-editor\" data-id=\"0ca48c5\" data-element_type=\"widget\" data-e-type=\"widget\" data-settings=\"{&quot;_animation&quot;:&quot;fadeIn&quot;,&quot;_animation_delay&quot;:2500}\" data-widget_type=\"text-editor.default\">\n\t\t\t\t<div class=\"elementor-widget-container\">\n\t\t\t\t\t\t\t\t\tFreude schenken. Sonnenmomente verschenken.\t\t\t\t\t\t\t\t<\/div>\n\t\t\t\t<\/div>\n\t\t\t\t<div class=\"elementor-element elementor-element-81b5fbd elementor-widget__width-inherit elementor-absolute elementor-align-center elementor-invisible elementor-widget elementor-widget-lottie\" data-id=\"81b5fbd\" data-element_type=\"widget\" data-e-type=\"widget\" data-settings=\"{&quot;source_json&quot;:{&quot;url&quot;:&quot;https:\\\/\\\/genuss-aktivhotel.com\\\/wp-content\\\/uploads\\\/sites\\\/52\\\/2025\\\/06\\\/Arrow-down.json&quot;,&quot;id&quot;:906,&quot;size&quot;:&quot;&quot;,&quot;alt&quot;:&quot;&quot;,&quot;source&quot;:&quot;library&quot;},&quot;link_to&quot;:&quot;custom&quot;,&quot;custom_link&quot;:{&quot;url&quot;:&quot;#neues&quot;,&quot;is_external&quot;:&quot;&quot;,&quot;nofollow&quot;:&quot;&quot;,&quot;custom_attributes&quot;:&quot;&quot;},&quot;loop&quot;:&quot;yes&quot;,&quot;play_speed&quot;:{&quot;unit&quot;:&quot;px&quot;,&quot;size&quot;:0.3,&quot;sizes&quot;:[]},&quot;_position&quot;:&quot;absolute&quot;,&quot;_animation&quot;:&quot;fadeInUp&quot;,&quot;_animation_delay&quot;:5000,&quot;source&quot;:&quot;media_file&quot;,&quot;caption_source&quot;:&quot;none&quot;,&quot;trigger&quot;:&quot;arriving_to_viewport&quot;,&quot;viewport&quot;:{&quot;unit&quot;:&quot;%&quot;,&quot;size&quot;:&quot;&quot;,&quot;sizes&quot;:{&quot;start&quot;:0,&quot;end&quot;:100}},&quot;start_point&quot;:{&quot;unit&quot;:&quot;%&quot;,&quot;size&quot;:0,&quot;sizes&quot;:[]},&quot;end_point&quot;:{&quot;unit&quot;:&quot;%&quot;,&quot;size&quot;:100,&quot;sizes&quot;:[]},&quot;renderer&quot;:&quot;svg&quot;}\" data-widget_type=\"lottie.default\">\n\t\t\t\t<div class=\"elementor-widget-container\">\n\t\t\t\t\t<a class=\"e-lottie__container__link\" href=\"#neues\"><div class=\"e-lottie__container\"><div class=\"e-lottie__animation\"><\/div><\/div><\/a>\t\t\t\t<\/div>\n\t\t\t\t<\/div>\n\t\t\t\t<\/div>\n\t\t<div class=\"elementor-element elementor-element-3183145 e-con-full e-flex e-con e-parent\" data-id=\"3183145\" data-element_type=\"container\" data-e-type=\"container\" id=\"neues\" data-settings=\"{&quot;background_background&quot;:&quot;classic&quot;}\">\n\t\t\t\t<div class=\"elementor-element elementor-element-5926297 elementor-absolute elementor-widget elementor-widget-image\" data-id=\"5926297\" data-element_type=\"widget\" data-e-type=\"widget\" data-settings=\"{&quot;_position&quot;:&quot;absolute&quot;,&quot;motion_fx_motion_fx_scrolling&quot;:&quot;yes&quot;,&quot;motion_fx_scale_effect&quot;:&quot;yes&quot;,&quot;motion_fx_scale_speed&quot;:{&quot;unit&quot;:&quot;px&quot;,&quot;size&quot;:2,&quot;sizes&quot;:[]},&quot;motion_fx_scale_range&quot;:{&quot;unit&quot;:&quot;%&quot;,&quot;size&quot;:&quot;&quot;,&quot;sizes&quot;:{&quot;start&quot;:0,&quot;end&quot;:96}},&quot;motion_fx_scale_direction&quot;:&quot;out-in&quot;,&quot;motion_fx_devices&quot;:[&quot;desktop&quot;,&quot;tablet&quot;,&quot;mobile&quot;]}\" data-widget_type=\"image.default\">\n\t\t\t\t<div class=\"elementor-widget-container\">\n\t\t\t\t\t\t\t\t\t\t\t\t\t\t\t<img decoding=\"async\" src=\"https:\/\/genuss-aktivhotel.com\/wp-content\/uploads\/sites\/52\/2025\/05\/SONNENBURG_Pattern_4_3C_aubergine.svg\" class=\"attachment-full size-full wp-image-41\" alt=\"\" \/>\t\t\t\t\t\t\t\t\t\t\t\t\t\t\t<\/div>\n\t\t\t\t<\/div>\n\t\t\t\t<div class=\"elementor-element elementor-element-e569451 elementor-widget elementor-widget-heading\" data-id=\"e569451\" data-element_type=\"widget\" data-e-type=\"widget\" data-widget_type=\"heading.default\">\n\t\t\t\t<div class=\"elementor-widget-container\">\n\t\t\t\t\t<h2 class=\"elementor-heading-title elementor-size-default\">Wertvolle Auszeit \u2013 stilvoll verpackt<\/h2>\t\t\t\t<\/div>\n\t\t\t\t<\/div>\n\t\t\t\t<div class=\"elementor-element elementor-element-fd0aff8 elementor-widget__width-initial elementor-widget elementor-widget-text-editor\" data-id=\"fd0aff8\" data-element_type=\"widget\" data-e-type=\"widget\" data-widget_type=\"text-editor.default\">\n\t\t\t\t<div class=\"elementor-widget-container\">\n\t\t\t\t\t\t\t\t\tEin Gutschein f\u00fcr das Genuss und Aktivhotel Sonnenburg ist mehr als ein Geschenk. Er ist eine liebevolle Einladung zum Durchatmen, Genie\u00dfen und Sich wohlf\u00fchlen. Ob f\u00fcr einen Kurzurlaub zu zweit, eine entspannte Auszeit im Spa oder ein feines Essen \u2013 unsere Gutscheine lassen sich flexibel einl\u00f6sen und passen zu jedem Anlass.\t\t\t\t\t\t\t\t<\/div>\n\t\t\t\t<\/div>\n\t\t\t\t<div class=\"elementor-element elementor-element-5ab9d8c elementor-widget elementor-widget-html\" data-id=\"5ab9d8c\" data-element_type=\"widget\" data-e-type=\"widget\" data-widget_type=\"html.default\">\n\t\t\t\t<div class=\"elementor-widget-container\">\n\t\t\t\t\t<script src=\"https:\/\/cdn.yanovis.com\/webcomp\/yanovis-coupon-widget.umd.js\" charset=\"utf-8\"><\/script>\n<yanovis-coupon id=\"yanovisCouponWidget\" uuid=\"6eb545f7-8578-4da0-a924-3467ccaf15ce\" lang=\"de\"><\/yanovis-coupon>\t\t\t\t<\/div>\n\t\t\t\t<\/div>\n\t\t\t\t<\/div>\n\t\t<div class=\"elementor-element elementor-element-48155eb e-con-full season-image e-flex e-con e-parent\" data-id=\"48155eb\" data-element_type=\"container\" data-e-type=\"container\" data-settings=\"{&quot;background_background&quot;:&quot;classic&quot;}\" data-season=\"summer\">\n\t\t<div class=\"elementor-element elementor-element-e2254b8 e-con-full e-flex e-con e-child\" data-id=\"e2254b8\" data-element_type=\"container\" data-e-type=\"container\">\n\t\t\t\t<div class=\"elementor-element elementor-element-3603509 elementor-invisible elementor-widget elementor-widget-heading\" data-id=\"3603509\" data-element_type=\"widget\" data-e-type=\"widget\" data-settings=\"{&quot;_animation&quot;:&quot;fadeInUp&quot;}\" data-widget_type=\"heading.default\">\n\t\t\t\t<div class=\"elementor-widget-container\">\n\t\t\t\t\t<h2 class=\"elementor-heading-title elementor-size-default\">Bereit f\u00fcr deinen Blick vor Ort?<\/h2>\t\t\t\t<\/div>\n\t\t\t\t<\/div>\n\t\t\t\t<div class=\"elementor-element elementor-element-4eadd53 elementor-invisible elementor-widget elementor-widget-text-editor\" data-id=\"4eadd53\" data-element_type=\"widget\" data-e-type=\"widget\" data-settings=\"{&quot;_animation&quot;:&quot;fadeIn&quot;}\" data-widget_type=\"text-editor.default\">\n\t\t\t\t<div class=\"elementor-widget-container\">\n\t\t\t\t\t\t\t\t\tJetzt unverbindlich Urlaub in der Sonnenburg anfragen.\t\t\t\t\t\t\t\t<\/div>\n\t\t\t\t<\/div>\n\t\t\t\t<\/div>\n\t\t<div class=\"elementor-element elementor-element-d020fb8 e-con-full e-flex elementor-invisible e-con e-child\" data-id=\"d020fb8\" data-element_type=\"container\" data-e-type=\"container\" data-settings=\"{&quot;animation&quot;:&quot;fadeIn&quot;}\">\n\t\t\t\t<div class=\"elementor-element elementor-element-6719224 elementor-align-left elementor-widget elementor-widget-button\" data-id=\"6719224\" data-element_type=\"widget\" data-e-type=\"widget\" data-widget_type=\"button.default\">\n\t\t\t\t<div class=\"elementor-widget-container\">\n\t\t\t\t\t\t\t\t\t<div class=\"elementor-button-wrapper\">\n\t\t\t\t\t<a class=\"elementor-button elementor-button-link elementor-size-sm\" href=\"https:\/\/genuss-aktivhotel.com\/en\/request\/\">\n\t\t\t\t\t\t<span class=\"elementor-button-content-wrapper\">\n\t\t\t\t\t\t<span class=\"elementor-button-icon\">\n\t\t\t\t<svg xmlns=\"http:\/\/www.w3.org\/2000\/svg\" xml:space=\"preserve\" viewBox=\"0 0 50 50\" id=\"arrow\">  <path d=\"M1 26h43.586l-6.293 6.293 1.414 1.414L48.414 25l-8.707-8.707-1.414 1.414L44.586 24H1z\"><\/path><\/svg>\t\t\t<\/span>\n\t\t\t\t\t\t\t\t\t<span class=\"elementor-button-text\">Jetzt anfragen<\/span>\n\t\t\t\t\t<\/span>\n\t\t\t\t\t<\/a>\n\t\t\t\t<\/div>\n\t\t\t\t\t\t\t\t<\/div>\n\t\t\t\t<\/div>\n\t\t\t\t<\/div>\n\t\t\t\t<\/div>\n\t\t<div class=\"elementor-element elementor-element-f8b6ce0 e-con-full season-image e-flex e-con e-parent\" data-id=\"f8b6ce0\" data-element_type=\"container\" data-e-type=\"container\" data-settings=\"{&quot;background_background&quot;:&quot;classic&quot;}\" data-season=\"winter\">\n\t\t<div class=\"elementor-element elementor-element-0d09d3a e-con-full e-flex e-con e-child\" data-id=\"0d09d3a\" data-element_type=\"container\" data-e-type=\"container\">\n\t\t\t\t<div class=\"elementor-element elementor-element-9419f4c elementor-invisible elementor-widget elementor-widget-heading\" data-id=\"9419f4c\" data-element_type=\"widget\" data-e-type=\"widget\" data-settings=\"{&quot;_animation&quot;:&quot;fadeInUp&quot;}\" data-widget_type=\"heading.default\">\n\t\t\t\t<div class=\"elementor-widget-container\">\n\t\t\t\t\t<h2 class=\"elementor-heading-title elementor-size-default\">Bereit f\u00fcr deinen Blick vor Ort?<\/h2>\t\t\t\t<\/div>\n\t\t\t\t<\/div>\n\t\t\t\t<div class=\"elementor-element elementor-element-e17156f elementor-invisible elementor-widget elementor-widget-text-editor\" data-id=\"e17156f\" data-element_type=\"widget\" data-e-type=\"widget\" data-settings=\"{&quot;_animation&quot;:&quot;fadeIn&quot;}\" data-widget_type=\"text-editor.default\">\n\t\t\t\t<div class=\"elementor-widget-container\">\n\t\t\t\t\t\t\t\t\tJetzt unverbindlich Urlaub in der Sonnenburg anfragen.\t\t\t\t\t\t\t\t<\/div>\n\t\t\t\t<\/div>\n\t\t\t\t<\/div>\n\t\t<div class=\"elementor-element elementor-element-c959d3b e-con-full e-flex elementor-invisible e-con e-child\" data-id=\"c959d3b\" data-element_type=\"container\" data-e-type=\"container\" data-settings=\"{&quot;animation&quot;:&quot;fadeIn&quot;}\">\n\t\t\t\t<div class=\"elementor-element elementor-element-e0947bb elementor-align-left elementor-widget elementor-widget-button\" data-id=\"e0947bb\" data-element_type=\"widget\" data-e-type=\"widget\" data-widget_type=\"button.default\">\n\t\t\t\t<div class=\"elementor-widget-container\">\n\t\t\t\t\t\t\t\t\t<div class=\"elementor-button-wrapper\">\n\t\t\t\t\t<a class=\"elementor-button elementor-button-link elementor-size-sm\" href=\"https:\/\/genuss-aktivhotel.com\/en\/request\/\">\n\t\t\t\t\t\t<span class=\"elementor-button-content-wrapper\">\n\t\t\t\t\t\t<span class=\"elementor-button-icon\">\n\t\t\t\t<svg xmlns=\"http:\/\/www.w3.org\/2000\/svg\" xml:space=\"preserve\" viewBox=\"0 0 50 50\" id=\"arrow\">  <path d=\"M1 26h43.586l-6.293 6.293 1.414 1.414L48.414 25l-8.707-8.707-1.414 1.414L44.586 24H1z\"><\/path><\/svg>\t\t\t<\/span>\n\t\t\t\t\t\t\t\t\t<span class=\"elementor-button-text\">Jetzt anfragen<\/span>\n\t\t\t\t\t<\/span>\n\t\t\t\t\t<\/a>\n\t\t\t\t<\/div>\n\t\t\t\t\t\t\t\t<\/div>\n\t\t\t\t<\/div>\n\t\t\t\t<\/div>\n\t\t\t\t<\/div>\n\t\t\t\t<\/div>\n\t\t","protected":false},"excerpt":{"rendered":"<p>Gutschein Freude schenken. Sonnenmomente verschenken. Gutschein Freude schenken. Sonnenmomente verschenken. Wertvolle Auszeit \u2013 stilvoll verpackt Ein Gutschein f\u00fcr das Genuss und Aktivhotel Sonnenburg ist mehr als ein Geschenk. Er ist eine liebevolle Einladung zum Durchatmen, Genie\u00dfen und Sich wohlf\u00fchlen. Ob f\u00fcr einen Kurzurlaub zu zweit, eine entspannte Auszeit im Spa oder ein feines Essen \u2013 [&hellip;]<\/p>\n","protected":false},"author":1,"featured_media":0,"parent":0,"menu_order":4,"comment_status":"closed","ping_status":"closed","template":"","meta":{"footnotes":""},"class_list":["post-4733","page","type-page","status-publish","hentry"],"publishpress_future_action":{"enabled":false,"date":"2026-04-22 05:47:16","action":"change-status","newStatus":"draft","terms":[],"taxonomy":"","extraData":[]},"publishpress_future_workflow_manual_trigger":{"enabledWorkflows":[]},"_links":{"self":[{"href":"https:\/\/genuss-aktivhotel.com\/en\/wp-json\/wp\/v2\/pages\/4733","targetHints":{"allow":["GET"]}}],"collection":[{"href":"https:\/\/genuss-aktivhotel.com\/en\/wp-json\/wp\/v2\/pages"}],"about":[{"href":"https:\/\/genuss-aktivhotel.com\/en\/wp-json\/wp\/v2\/types\/page"}],"author":[{"embeddable":true,"href":"https:\/\/genuss-aktivhotel.com\/en\/wp-json\/wp\/v2\/users\/1"}],"replies":[{"embeddable":true,"href":"https:\/\/genuss-aktivhotel.com\/en\/wp-json\/wp\/v2\/comments?post=4733"}],"version-history":[{"count":25,"href":"https:\/\/genuss-aktivhotel.com\/en\/wp-json\/wp\/v2\/pages\/4733\/revisions"}],"predecessor-version":[{"id":5624,"href":"https:\/\/genuss-aktivhotel.com\/en\/wp-json\/wp\/v2\/pages\/4733\/revisions\/5624"}],"wp:attachment":[{"href":"https:\/\/genuss-aktivhotel.com\/en\/wp-json\/wp\/v2\/media?parent=4733"}],"curies":[{"name":"wp","href":"https:\/\/api.w.org\/{rel}","templated":true}]}}